{"id":6157,"date":"2018-08-01T10:55:47","date_gmt":"2018-08-01T08:55:47","guid":{"rendered":"https:\/\/xertamar.com\/reservas\/"},"modified":"2021-07-02T14:31:48","modified_gmt":"2021-07-02T12:31:48","slug":"reserves","status":"publish","type":"page","link":"https:\/\/xertamar.com\/fr\/reserves\/","title":{"rendered":"R\u00e9serves"},"content":{"rendered":"<p>[vc_row type=\u00a0\u00bbfull_width_content\u00a0\u00bb full_screen_row_position=\u00a0\u00bbmiddle\u00a0\u00bb column_margin=\u00a0\u00bbdefault\u00a0\u00bb column_direction=\u00a0\u00bbdefault\u00a0\u00bb column_direction_tablet=\u00a0\u00bbdefault\u00a0\u00bb column_direction_phone=\u00a0\u00bbdefault\u00a0\u00bb bg_image=\u00a0\u00bb3407&Prime; bg_position=\u00a0\u00bbleft top\u00a0\u00bb background_image_loading=\u00a0\u00bbdefault\u00a0\u00bb bg_repeat=\u00a0\u00bbno-repeat\u00a0\u00bb scene_position=\u00a0\u00bbcenter\u00a0\u00bb bottom_padding=\u00a0\u00bb5%\u00a0\u00bb text_color=\u00a0\u00bbdark\u00a0\u00bb text_align=\u00a0\u00bbleft\u00a0\u00bb row_border_radius=\u00a0\u00bbnone\u00a0\u00bb row_border_radius_applies=\u00a0\u00bbbg\u00a0\u00bb overlay_strength=\u00a0\u00bb0.3&Prime; gradient_direction=\u00a0\u00bbleft_to_right\u00a0\u00bb shape_divider_position=\u00a0\u00bbbottom\u00a0\u00bb bg_image_animation=\u00a0\u00bbnone\u00a0\u00bb parallax_bg=\u00a0\u00bbtrue\u00a0\u00bb content_text_aligment=\u00a0\u00bbcenter\u00a0\u00bb shape_type=\u00a0\u00bb\u00a0\u00bb][vc_column column_padding=\u00a0\u00bbno-extra-padding\u00a0\u00bb column_padding_tablet=\u00a0\u00bbinherit\u00a0\u00bb column_padding_phone=\u00a0\u00bbinherit\u00a0\u00bb column_padding_position=\u00a0\u00bball\u00a0\u00bb top_margin=\u00a0\u00bb5%\u00a0\u00bb column_element_spacing=\u00a0\u00bb30px\u00a0\u00bb centered_text=\u00a0\u00bbtrue\u00a0\u00bb background_color_opacity=\u00a0\u00bb1&Prime; background_hover_color_opacity=\u00a0\u00bb1&Prime; column_shadow=\u00a0\u00bbnone\u00a0\u00bb column_border_radius=\u00a0\u00bbnone\u00a0\u00bb column_link_target=\u00a0\u00bb_self\u00a0\u00bb gradient_direction=\u00a0\u00bbleft_to_right\u00a0\u00bb overlay_strength=\u00a0\u00bb0.3&Prime; width=\u00a0\u00bb1\/1&Prime; tablet_width_inherit=\u00a0\u00bbdefault\u00a0\u00bb tablet_text_alignment=\u00a0\u00bbdefault\u00a0\u00bb phone_text_alignment=\u00a0\u00bbdefault\u00a0\u00bb bg_image_animation=\u00a0\u00bbnone\u00a0\u00bb border_type=\u00a0\u00bbsimple\u00a0\u00bb column_border_width=\u00a0\u00bbnone\u00a0\u00bb column_border_style=\u00a0\u00bbsolid\u00a0\u00bb offset=\u00a0\u00bbvc_hidden-sm vc_hidden-xs\u00a0\u00bb][split_line_heading animation_type=\u00a0\u00bbdefault\u00a0\u00bb]<\/p>\n<h2>Reserver<\/h2>\n<p>[\/split_line_heading][vc_row_inner equal_height=\u00a0\u00bbyes\u00a0\u00bb column_direction=\u00a0\u00bbdefault\u00a0\u00bb column_direction_tablet=\u00a0\u00bbdefault\u00a0\u00bb column_direction_phone=\u00a0\u00bbdefault\u00a0\u00bb top_padding=\u00a0\u00bb5%\u00a0\u00bb text_align=\u00a0\u00bbleft\u00a0\u00bb][vc_column_inner column_padding=\u00a0\u00bbpadding-5-percent\u00a0\u00bb column_padding_tablet=\u00a0\u00bbinherit\u00a0\u00bb column_padding_phone=\u00a0\u00bbinherit\u00a0\u00bb column_padding_position=\u00a0\u00bball\u00a0\u00bb column_element_spacing=\u00a0\u00bbdefault\u00a0\u00bb background_color_opacity=\u00a0\u00bb1&Prime; background_hover_color_opacity=\u00a0\u00bb1&Prime; column_shadow=\u00a0\u00bblarge_depth\u00a0\u00bb column_border_radius=\u00a0\u00bbnone\u00a0\u00bb column_link_target=\u00a0\u00bb_self\u00a0\u00bb gradient_direction=\u00a0\u00bbleft_to_right\u00a0\u00bb overlay_strength=\u00a0\u00bb0.3&Prime; width=\u00a0\u00bb1\/2&Prime; tablet_width_inherit=\u00a0\u00bbdefault\u00a0\u00bb bg_image_animation=\u00a0\u00bbnone\u00a0\u00bb border_type=\u00a0\u00bbsimple\u00a0\u00bb column_border_width=\u00a0\u00bbnone\u00a0\u00bb column_border_style=\u00a0\u00bbsolid\u00a0\u00bb]<div class=\"mkdf-section-title-holder  mkdf-st-standard mkdf-st-title-left mkdf-st-normal-space \" style=\"padding:0 0 5% 0;text-align: left\">\n\t<div class=\"mkdf-st-inner\">\n\t\t\t\t\t<h3 class=\"mkdf-st-title\" >\n\t\t\t\tRestaurant Xerta Mar\t\t\t<\/h3>\n\t\t    <span class=\"mkdf-st-line\" style=\"margin: 50px 9% 0 1%; height: 120px\"><\/span>\n    <div class=\"mkdf-st-text\" style=\"margin-top: 45px;padding-right: 45px\">\n        <span style=\"color: #333333; font-size: 20px;\">Tables \u00e0 l\u2019int\u00e9rieur et \u00e0 l\u2019ext\u00e9rieur, en premi\u00e8re ligne de mer. Disposant d\u2019une carte con\u00e7ue pour grignoter, profiter et d\u00e9vorer le delta, en lui rendant hommage et en prenant soin de lui en m\u00eame temps. Le riz est l&rsquo;acteur principal, voulez-vous l\u2019accompagner ? <\/span>    <\/div>\n\t<\/div>\n<\/div><div class=\"mkdf-working-hours-holder\" >\n\t<div class=\"mkdf-wh-holder-inner\">\n\t\t\n\t\t\t\t\t\t\n\t\t\t\t\t\t\t<div class=\"mkdf-wh-item clearfix\">\n\t\t\t\t\t<span class=\"mkdf-wh-day\">\n\t\t\t\t\t\t<span class=\"mkdf-wh-icon\">\n\t\t\t\t\t\t\t<span class=\"icon_clock_alt\"><\/span>\n\t\t\t\t\t\t<\/span>\n\t\t\t\t\t\tMardi\t\t\t\t\t<\/span>\n\t\t\t\t\t<span class=\"mkdf-wh-dots\"><span class=\"mkdf-wh-dots-inner\"><\/span><\/span>\n\t\t\t\t\t<span class=\"mkdf-wh-hours\">\n\t\t\t\t\t\t\t\t\t\t\t\t\t<span class=\"mkdf-wh-from\">18:00-22:00<\/span>\n\t\t\t\t\t\t\n\t\t\t\t\t\t\t\t\t\t\t<\/span>\n\t\t\t\t<\/div>\n\t\t\t\t\t\t\t<div class=\"mkdf-wh-item clearfix\">\n\t\t\t\t\t<span class=\"mkdf-wh-day\">\n\t\t\t\t\t\t<span class=\"mkdf-wh-icon\">\n\t\t\t\t\t\t\t<span class=\"icon_clock_alt\"><\/span>\n\t\t\t\t\t\t<\/span>\n\t\t\t\t\t\tMercredi\t\t\t\t\t<\/span>\n\t\t\t\t\t<span class=\"mkdf-wh-dots\"><span class=\"mkdf-wh-dots-inner\"><\/span><\/span>\n\t\t\t\t\t<span class=\"mkdf-wh-hours\">\n\t\t\t\t\t\t\t\t\t\t\t\t\t<span class=\"mkdf-wh-from\">13:00-16:00<\/span>\n\t\t\t\t\t\t\n\t\t\t\t\t\t\t\t\t\t\t\t\t<span class=\"mkdf-wh-delimiter\">-<\/span>\n\t\t\t\t\t\t\t<span class=\"mkdf-wh-to\">20:00-22:00<\/span>\n\t\t\t\t\t\t\t\t\t\t\t<\/span>\n\t\t\t\t<\/div>\n\t\t\t\t\t\t\t<div class=\"mkdf-wh-item clearfix\">\n\t\t\t\t\t<span class=\"mkdf-wh-day\">\n\t\t\t\t\t\t<span class=\"mkdf-wh-icon\">\n\t\t\t\t\t\t\t<span class=\"icon_clock_alt\"><\/span>\n\t\t\t\t\t\t<\/span>\n\t\t\t\t\t\tJeudi\t\t\t\t\t<\/span>\n\t\t\t\t\t<span class=\"mkdf-wh-dots\"><span class=\"mkdf-wh-dots-inner\"><\/span><\/span>\n\t\t\t\t\t<span class=\"mkdf-wh-hours\">\n\t\t\t\t\t\t\t\t\t\t\t\t\t<span class=\"mkdf-wh-from\">13:00-16:00<\/span>\n\t\t\t\t\t\t\n\t\t\t\t\t\t\t\t\t\t\t\t\t<span class=\"mkdf-wh-delimiter\">-<\/span>\n\t\t\t\t\t\t\t<span class=\"mkdf-wh-to\">20:00-22:00<\/span>\n\t\t\t\t\t\t\t\t\t\t\t<\/span>\n\t\t\t\t<\/div>\n\t\t\t\t\t\t\t<div class=\"mkdf-wh-item clearfix\">\n\t\t\t\t\t<span class=\"mkdf-wh-day\">\n\t\t\t\t\t\t<span class=\"mkdf-wh-icon\">\n\t\t\t\t\t\t\t<span class=\"icon_clock_alt\"><\/span>\n\t\t\t\t\t\t<\/span>\n\t\t\t\t\t\tVendredi\t\t\t\t\t<\/span>\n\t\t\t\t\t<span class=\"mkdf-wh-dots\"><span class=\"mkdf-wh-dots-inner\"><\/span><\/span>\n\t\t\t\t\t<span class=\"mkdf-wh-hours\">\n\t\t\t\t\t\t\t\t\t\t\t\t\t<span class=\"mkdf-wh-from\">13:00-16:00<\/span>\n\t\t\t\t\t\t\n\t\t\t\t\t\t\t\t\t\t\t\t\t<span class=\"mkdf-wh-delimiter\">-<\/span>\n\t\t\t\t\t\t\t<span class=\"mkdf-wh-to\">20:00-22:00<\/span>\n\t\t\t\t\t\t\t\t\t\t\t<\/span>\n\t\t\t\t<\/div>\n\t\t\t\t\t\t\t<div class=\"mkdf-wh-item clearfix\">\n\t\t\t\t\t<span class=\"mkdf-wh-day\">\n\t\t\t\t\t\t<span class=\"mkdf-wh-icon\">\n\t\t\t\t\t\t\t<span class=\"icon_clock_alt\"><\/span>\n\t\t\t\t\t\t<\/span>\n\t\t\t\t\t\tSamedi\t\t\t\t\t<\/span>\n\t\t\t\t\t<span class=\"mkdf-wh-dots\"><span class=\"mkdf-wh-dots-inner\"><\/span><\/span>\n\t\t\t\t\t<span class=\"mkdf-wh-hours\">\n\t\t\t\t\t\t\t\t\t\t\t\t\t<span class=\"mkdf-wh-from\">13:00-16:00<\/span>\n\t\t\t\t\t\t\n\t\t\t\t\t\t\t\t\t\t\t\t\t<span class=\"mkdf-wh-delimiter\">-<\/span>\n\t\t\t\t\t\t\t<span class=\"mkdf-wh-to\">20:00-22:00<\/span>\n\t\t\t\t\t\t\t\t\t\t\t<\/span>\n\t\t\t\t<\/div>\n\t\t\t\t\t\t\t<div class=\"mkdf-wh-item clearfix\">\n\t\t\t\t\t<span class=\"mkdf-wh-day\">\n\t\t\t\t\t\t<span class=\"mkdf-wh-icon\">\n\t\t\t\t\t\t\t<span class=\"icon_clock_alt\"><\/span>\n\t\t\t\t\t\t<\/span>\n\t\t\t\t\t\tDimanche\t\t\t\t\t<\/span>\n\t\t\t\t\t<span class=\"mkdf-wh-dots\"><span class=\"mkdf-wh-dots-inner\"><\/span><\/span>\n\t\t\t\t\t<span class=\"mkdf-wh-hours\">\n\t\t\t\t\t\t\t\t\t\t\t\t\t<span class=\"mkdf-wh-from\">13:00-16:00<\/span>\n\t\t\t\t\t\t\n\t\t\t\t\t\t\t\t\t\t\t<\/span>\n\t\t\t\t<\/div>\n\t\t\t\t\t\t<\/div>\n<\/div>[\/vc_column_inner][vc_column_inner column_padding=\u00a0\u00bbpadding-5-percent\u00a0\u00bb column_padding_tablet=\u00a0\u00bbinherit\u00a0\u00bb column_padding_phone=\u00a0\u00bbinherit\u00a0\u00bb column_padding_position=\u00a0\u00bball\u00a0\u00bb column_element_spacing=\u00a0\u00bbdefault\u00a0\u00bb background_color_opacity=\u00a0\u00bb1&Prime; background_hover_color_opacity=\u00a0\u00bb1&Prime; column_shadow=\u00a0\u00bblarge_depth\u00a0\u00bb column_border_radius=\u00a0\u00bbnone\u00a0\u00bb column_link_target=\u00a0\u00bb_self\u00a0\u00bb gradient_direction=\u00a0\u00bbleft_to_right\u00a0\u00bb overlay_strength=\u00a0\u00bb0.3&Prime; width=\u00a0\u00bb1\/2&Prime; tablet_width_inherit=\u00a0\u00bbdefault\u00a0\u00bb bg_image_animation=\u00a0\u00bbnone\u00a0\u00bb border_type=\u00a0\u00bbsimple\u00a0\u00bb column_border_width=\u00a0\u00bbnone\u00a0\u00bb column_border_style=\u00a0\u00bbsolid\u00a0\u00bb][vc_raw_html]JTIwJTNDaWZyYW1lJTIwc3JjJTNEJTIyaHR0cHMlM0ElMkYlMkZtb2R1bGUubGFmb3VyY2hldHRlLmNvbSUyRmVzX0VTJTJGbW9kdWxlJTJGNjk1MjExLTE0MDZkJTIwJTIyJTIwc3R5bGUlM0QlMjJ3aWR0aCUzQSUyMDEwMCUyNSUzQiUyMG1pbi1oZWlnaHQlM0E0MDBweCUzQiUyMGJvcmRlciUzQW5vbmUlM0IlMjBvdmVyZmxvdyUzQXNjcm9sbCUzQiUyMiUzRSUzQyUyRmlmcmFtZSUzRQ==[\/vc_raw_html][\/vc_column_inner][\/vc_row_inner][\/vc_column][\/vc_row][vc_row type=\u00a0\u00bbfull_width_content\u00a0\u00bb full_screen_row_position=\u00a0\u00bbmiddle\u00a0\u00bb column_margin=\u00a0\u00bbdefault\u00a0\u00bb column_direction=\u00a0\u00bbdefault\u00a0\u00bb column_direction_tablet=\u00a0\u00bbdefault\u00a0\u00bb column_direction_phone=\u00a0\u00bbdefault\u00a0\u00bb bg_image=\u00a0\u00bb3407&Prime; bg_position=\u00a0\u00bbleft top\u00a0\u00bb background_image_loading=\u00a0\u00bbdefault\u00a0\u00bb bg_repeat=\u00a0\u00bbno-repeat\u00a0\u00bb scene_position=\u00a0\u00bbcenter\u00a0\u00bb bottom_padding=\u00a0\u00bb5%\u00a0\u00bb text_color=\u00a0\u00bbdark\u00a0\u00bb text_align=\u00a0\u00bbleft\u00a0\u00bb row_border_radius=\u00a0\u00bbnone\u00a0\u00bb row_border_radius_applies=\u00a0\u00bbbg\u00a0\u00bb overlay_strength=\u00a0\u00bb0.3&Prime; gradient_direction=\u00a0\u00bbleft_to_right\u00a0\u00bb shape_divider_position=\u00a0\u00bbbottom\u00a0\u00bb bg_image_animation=\u00a0\u00bbnone\u00a0\u00bb parallax_bg=\u00a0\u00bbtrue\u00a0\u00bb content_text_aligment=\u00a0\u00bbcenter\u00a0\u00bb shape_type=\u00a0\u00bb\u00a0\u00bb][vc_column column_padding=\u00a0\u00bbno-extra-padding\u00a0\u00bb column_padding_tablet=\u00a0\u00bbinherit\u00a0\u00bb column_padding_phone=\u00a0\u00bbinherit\u00a0\u00bb column_padding_position=\u00a0\u00bball\u00a0\u00bb top_margin=\u00a0\u00bb5%\u00a0\u00bb column_element_spacing=\u00a0\u00bb30px\u00a0\u00bb centered_text=\u00a0\u00bbtrue\u00a0\u00bb background_color_opacity=\u00a0\u00bb1&Prime; background_hover_color_opacity=\u00a0\u00bb1&Prime; column_shadow=\u00a0\u00bbnone\u00a0\u00bb column_border_radius=\u00a0\u00bbnone\u00a0\u00bb column_link_target=\u00a0\u00bb_self\u00a0\u00bb gradient_direction=\u00a0\u00bbleft_to_right\u00a0\u00bb overlay_strength=\u00a0\u00bb0.3&Prime; width=\u00a0\u00bb1\/1&Prime; tablet_width_inherit=\u00a0\u00bbdefault\u00a0\u00bb tablet_text_alignment=\u00a0\u00bbdefault\u00a0\u00bb phone_text_alignment=\u00a0\u00bbdefault\u00a0\u00bb bg_image_animation=\u00a0\u00bbnone\u00a0\u00bb border_type=\u00a0\u00bbsimple\u00a0\u00bb column_border_width=\u00a0\u00bbnone\u00a0\u00bb column_border_style=\u00a0\u00bbsolid\u00a0\u00bb offset=\u00a0\u00bbvc_hidden-lg vc_hidden-md\u00a0\u00bb][split_line_heading animation_type=\u00a0\u00bbdefault\u00a0\u00bb]<\/p>\n<h3>Reserver<\/h3>\n<p>[\/split_line_heading][vc_row_inner equal_height=\u00a0\u00bbyes\u00a0\u00bb column_direction=\u00a0\u00bbdefault\u00a0\u00bb column_direction_tablet=\u00a0\u00bbdefault\u00a0\u00bb column_direction_phone=\u00a0\u00bbdefault\u00a0\u00bb top_padding=\u00a0\u00bb5%\u00a0\u00bb text_align=\u00a0\u00bbleft\u00a0\u00bb][vc_column_inner column_padding=\u00a0\u00bbpadding-5-percent\u00a0\u00bb column_padding_tablet=\u00a0\u00bbinherit\u00a0\u00bb column_padding_phone=\u00a0\u00bbinherit\u00a0\u00bb column_padding_position=\u00a0\u00bball\u00a0\u00bb column_element_spacing=\u00a0\u00bbdefault\u00a0\u00bb background_color_opacity=\u00a0\u00bb1&Prime; background_hover_color_opacity=\u00a0\u00bb1&Prime; column_shadow=\u00a0\u00bblarge_depth\u00a0\u00bb column_border_radius=\u00a0\u00bbnone\u00a0\u00bb column_link_target=\u00a0\u00bb_self\u00a0\u00bb gradient_direction=\u00a0\u00bbleft_to_right\u00a0\u00bb overlay_strength=\u00a0\u00bb0.3&Prime; width=\u00a0\u00bb1\/1&Prime; tablet_width_inherit=\u00a0\u00bbdefault\u00a0\u00bb bg_image_animation=\u00a0\u00bbnone\u00a0\u00bb border_type=\u00a0\u00bbsimple\u00a0\u00bb column_border_width=\u00a0\u00bbnone\u00a0\u00bb column_border_style=\u00a0\u00bbsolid\u00a0\u00bb][vc_raw_html]JTIwJTNDaWZyYW1lJTIwc3JjJTNEJTIyaHR0cHMlM0ElMkYlMkZtb2R1bGUubGFmb3VyY2hldHRlLmNvbSUyRmVzX0VTJTJGbW9kdWxlJTJGNjk1MjExLTE0MDZkJTIwJTIyJTIwc3R5bGUlM0QlMjJ3aWR0aCUzQSUyMDEwMCUyNSUzQiUyMG1pbi1oZWlnaHQlM0E0MDBweCUzQiUyMGJvcmRlciUzQW5vbmUlM0IlMjBvdmVyZmxvdyUzQXNjcm9sbCUzQiUyMiUzRSUzQyUyRmlmcmFtZSUzRQ==[\/vc_raw_html]<div class=\"mkdf-section-title-holder  mkdf-st-standard mkdf-st-title-left mkdf-st-normal-space \" style=\"padding:0 0 5% 0;text-align: left\">\n\t<div class=\"mkdf-st-inner\">\n\t\t\t\t\t<h3 class=\"mkdf-st-title\" >\n\t\t\t\tRestaurant Xerta Mar\t\t\t<\/h3>\n\t\t    <span class=\"mkdf-st-line\" style=\"margin: 50px 9% 0 1%; height: 120px\"><\/span>\n    <div class=\"mkdf-st-text\" style=\"margin-top: 45px;padding-right: 45px\">\n        <span style=\"color: #333333; font-size: 20px;\">Tables \u00e0 l\u2019int\u00e9rieur et \u00e0 l\u2019ext\u00e9rieur, en premi\u00e8re ligne de mer. Disposant d\u2019une carte con\u00e7ue pour grignoter, profiter et d\u00e9vorer le delta, en lui rendant hommage et en prenant soin de lui en m\u00eame temps. Le riz est l&rsquo;acteur principal, voulez-vous l\u2019accompagner ? <\/span>    <\/div>\n\t<\/div>\n<\/div><div class=\"mkdf-working-hours-holder\" >\n\t<div class=\"mkdf-wh-holder-inner\">\n\t\t\n\t\t\t\t\t\t\n\t\t\t\t\t\t\t<div class=\"mkdf-wh-item clearfix\">\n\t\t\t\t\t<span class=\"mkdf-wh-day\">\n\t\t\t\t\t\t<span class=\"mkdf-wh-icon\">\n\t\t\t\t\t\t\t<span class=\"icon_clock_alt\"><\/span>\n\t\t\t\t\t\t<\/span>\n\t\t\t\t\t\tMardi\t\t\t\t\t<\/span>\n\t\t\t\t\t<span class=\"mkdf-wh-dots\"><span class=\"mkdf-wh-dots-inner\"><\/span><\/span>\n\t\t\t\t\t<span class=\"mkdf-wh-hours\">\n\t\t\t\t\t\t\t\t\t\t\t\t\t<span class=\"mkdf-wh-from\">18:00-22:00<\/span>\n\t\t\t\t\t\t\n\t\t\t\t\t\t\t\t\t\t\t<\/span>\n\t\t\t\t<\/div>\n\t\t\t\t\t\t\t<div class=\"mkdf-wh-item clearfix\">\n\t\t\t\t\t<span class=\"mkdf-wh-day\">\n\t\t\t\t\t\t<span class=\"mkdf-wh-icon\">\n\t\t\t\t\t\t\t<span class=\"icon_clock_alt\"><\/span>\n\t\t\t\t\t\t<\/span>\n\t\t\t\t\t\tMercredi\t\t\t\t\t<\/span>\n\t\t\t\t\t<span class=\"mkdf-wh-dots\"><span class=\"mkdf-wh-dots-inner\"><\/span><\/span>\n\t\t\t\t\t<span class=\"mkdf-wh-hours\">\n\t\t\t\t\t\t\t\t\t\t\t\t\t<span class=\"mkdf-wh-from\">13:00-16:00<\/span>\n\t\t\t\t\t\t\n\t\t\t\t\t\t\t\t\t\t\t\t\t<span class=\"mkdf-wh-delimiter\">-<\/span>\n\t\t\t\t\t\t\t<span class=\"mkdf-wh-to\">20:00-22:00<\/span>\n\t\t\t\t\t\t\t\t\t\t\t<\/span>\n\t\t\t\t<\/div>\n\t\t\t\t\t\t\t<div class=\"mkdf-wh-item clearfix\">\n\t\t\t\t\t<span class=\"mkdf-wh-day\">\n\t\t\t\t\t\t<span class=\"mkdf-wh-icon\">\n\t\t\t\t\t\t\t<span class=\"icon_clock_alt\"><\/span>\n\t\t\t\t\t\t<\/span>\n\t\t\t\t\t\tJeudi\t\t\t\t\t<\/span>\n\t\t\t\t\t<span class=\"mkdf-wh-dots\"><span class=\"mkdf-wh-dots-inner\"><\/span><\/span>\n\t\t\t\t\t<span class=\"mkdf-wh-hours\">\n\t\t\t\t\t\t\t\t\t\t\t\t\t<span class=\"mkdf-wh-from\">13:00-16:00<\/span>\n\t\t\t\t\t\t\n\t\t\t\t\t\t\t\t\t\t\t\t\t<span class=\"mkdf-wh-delimiter\">-<\/span>\n\t\t\t\t\t\t\t<span class=\"mkdf-wh-to\">20:00-22:00<\/span>\n\t\t\t\t\t\t\t\t\t\t\t<\/span>\n\t\t\t\t<\/div>\n\t\t\t\t\t\t\t<div class=\"mkdf-wh-item clearfix\">\n\t\t\t\t\t<span class=\"mkdf-wh-day\">\n\t\t\t\t\t\t<span class=\"mkdf-wh-icon\">\n\t\t\t\t\t\t\t<span class=\"icon_clock_alt\"><\/span>\n\t\t\t\t\t\t<\/span>\n\t\t\t\t\t\tVendredi\t\t\t\t\t<\/span>\n\t\t\t\t\t<span class=\"mkdf-wh-dots\"><span class=\"mkdf-wh-dots-inner\"><\/span><\/span>\n\t\t\t\t\t<span class=\"mkdf-wh-hours\">\n\t\t\t\t\t\t\t\t\t\t\t\t\t<span class=\"mkdf-wh-from\">13:00-16:00<\/span>\n\t\t\t\t\t\t\n\t\t\t\t\t\t\t\t\t\t\t\t\t<span class=\"mkdf-wh-delimiter\">-<\/span>\n\t\t\t\t\t\t\t<span class=\"mkdf-wh-to\">20:00-22:00<\/span>\n\t\t\t\t\t\t\t\t\t\t\t<\/span>\n\t\t\t\t<\/div>\n\t\t\t\t\t\t\t<div class=\"mkdf-wh-item clearfix\">\n\t\t\t\t\t<span class=\"mkdf-wh-day\">\n\t\t\t\t\t\t<span class=\"mkdf-wh-icon\">\n\t\t\t\t\t\t\t<span class=\"icon_clock_alt\"><\/span>\n\t\t\t\t\t\t<\/span>\n\t\t\t\t\t\tSamedi\t\t\t\t\t<\/span>\n\t\t\t\t\t<span class=\"mkdf-wh-dots\"><span class=\"mkdf-wh-dots-inner\"><\/span><\/span>\n\t\t\t\t\t<span class=\"mkdf-wh-hours\">\n\t\t\t\t\t\t\t\t\t\t\t\t\t<span class=\"mkdf-wh-from\">13:00-16:00<\/span>\n\t\t\t\t\t\t\n\t\t\t\t\t\t\t\t\t\t\t\t\t<span class=\"mkdf-wh-delimiter\">-<\/span>\n\t\t\t\t\t\t\t<span class=\"mkdf-wh-to\">20:00-22:00<\/span>\n\t\t\t\t\t\t\t\t\t\t\t<\/span>\n\t\t\t\t<\/div>\n\t\t\t\t\t\t\t<div class=\"mkdf-wh-item clearfix\">\n\t\t\t\t\t<span class=\"mkdf-wh-day\">\n\t\t\t\t\t\t<span class=\"mkdf-wh-icon\">\n\t\t\t\t\t\t\t<span class=\"icon_clock_alt\"><\/span>\n\t\t\t\t\t\t<\/span>\n\t\t\t\t\t\tDimanche\t\t\t\t\t<\/span>\n\t\t\t\t\t<span class=\"mkdf-wh-dots\"><span class=\"mkdf-wh-dots-inner\"><\/span><\/span>\n\t\t\t\t\t<span class=\"mkdf-wh-hours\">\n\t\t\t\t\t\t\t\t\t\t\t\t\t<span class=\"mkdf-wh-from\">13:00-16:00<\/span>\n\t\t\t\t\t\t\n\t\t\t\t\t\t\t\t\t\t\t<\/span>\n\t\t\t\t<\/div>\n\t\t\t\t\t\t<\/div>\n<\/div>[\/vc_column_inner][\/vc_row_inner][\/vc_column][\/vc_row]<\/p>\n","protected":false},"excerpt":{"rendered":"<p>[vc_row type=\u00a0\u00bbfull_width_content\u00a0\u00bb full_screen_row_position=\u00a0\u00bbmiddle\u00a0\u00bb column_margin=\u00a0\u00bbdefault\u00a0\u00bb column_direction=\u00a0\u00bbdefault\u00a0\u00bb column_direction_tablet=\u00a0\u00bbdefault\u00a0\u00bb column_direction_phone=\u00a0\u00bbdefault\u00a0\u00bb bg_image=\u00a0\u00bb3407&Prime; bg_position=\u00a0\u00bbleft top\u00a0\u00bb background_image_loading=\u00a0\u00bbdefault\u00a0\u00bb bg_repeat=\u00a0\u00bbno-repeat\u00a0\u00bb scene_position=\u00a0\u00bbcenter\u00a0\u00bb bottom_padding=\u00a0\u00bb5%\u00a0\u00bb text_color=\u00a0\u00bbdark\u00a0\u00bb text_align=\u00a0\u00bbleft\u00a0\u00bb row_border_radius=\u00a0\u00bbnone\u00a0\u00bb row_border_radius_applies=\u00a0\u00bbbg\u00a0\u00bb overlay_strength=\u00a0\u00bb0.3&Prime; gradient_direction=\u00a0\u00bbleft_to_right\u00a0\u00bb shape_divider_position=\u00a0\u00bbbottom\u00a0\u00bb bg_image_animation=\u00a0\u00bbnone\u00a0\u00bb parallax_bg=\u00a0\u00bbtrue\u00a0\u00bb content_text_aligment=\u00a0\u00bbcenter\u00a0\u00bb shape_type=\u00a0\u00bb\u00a0\u00bb][vc_column column_padding=\u00a0\u00bbno-extra-padding\u00a0\u00bb column_padding_tablet=\u00a0\u00bbinherit\u00a0\u00bb column_padding_phone=\u00a0\u00bbinherit\u00a0\u00bb column_padding_position=\u00a0\u00bball\u00a0\u00bb top_margin=\u00a0\u00bb5%\u00a0\u00bb column_element_spacing=\u00a0\u00bb30px\u00a0\u00bb centered_text=\u00a0\u00bbtrue\u00a0\u00bb background_color_opacity=\u00a0\u00bb1&Prime; background_hover_color_opacity=\u00a0\u00bb1&Prime; column_shadow=\u00a0\u00bbnone\u00a0\u00bb column_border_radius=\u00a0\u00bbnone\u00a0\u00bb column_link_target=\u00a0\u00bb_self\u00a0\u00bb gradient_direction=\u00a0\u00bbleft_to_right\u00a0\u00bb overlay_strength=\u00a0\u00bb0.3&Prime; width=\u00a0\u00bb1\/1&Prime; [&hellip;]<\/p>\n","protected":false},"author":1,"featured_media":0,"parent":0,"menu_order":0,"comment_status":"closed","ping_status":"closed","template":"full-width.php","meta":{"inline_featured_image":false,"footnotes":""},"class_list":["post-6157","page","type-page","status-publish","hentry"],"yoast_head":"<!-- This site is optimized with the Yoast SEO plugin v21.9.1 - https:\/\/yoast.com\/wordpress\/plugins\/seo\/ -->\n<title>R\u00e9serves - Xerta Mar<\/title>\n<meta name=\"description\" content=\"R\u00e9servez Xerta Mar Cuina marinera avec des produits du Delta de l&#039;Ebre \u00e0 l&#039;Ampolla, Tarragona.\" \/>\n<meta name=\"robots\" content=\"index, follow, max-snippet:-1, max-image-preview:large, max-video-preview:-1\" \/>\n<link rel=\"canonical\" href=\"https:\/\/xertamar.com\/fr\/reserves\/\" \/>\n<meta property=\"og:locale\" content=\"fr_FR\" \/>\n<meta property=\"og:type\" content=\"article\" \/>\n<meta property=\"og:title\" content=\"R\u00e9serves - Xerta Mar\" \/>\n<meta property=\"og:description\" content=\"R\u00e9servez Xerta Mar Cuina marinera avec des produits du Delta de l&#039;Ebre \u00e0 l&#039;Ampolla, Tarragona.\" \/>\n<meta property=\"og:url\" content=\"https:\/\/xertamar.com\/fr\/reserves\/\" \/>\n<meta property=\"og:site_name\" content=\"Xerta Mar\" \/>\n<meta property=\"article:modified_time\" content=\"2021-07-02T12:31:48+00:00\" \/>\n<meta name=\"twitter:card\" content=\"summary_large_image\" \/>\n<meta name=\"twitter:label1\" content=\"Dur\u00e9e de lecture estim\u00e9e\" \/>\n\t<meta name=\"twitter:data1\" content=\"3 minutes\" \/>\n<script type=\"application\/ld+json\" class=\"yoast-schema-graph\">{\"@context\":\"https:\/\/schema.org\",\"@graph\":[{\"@type\":\"WebPage\",\"@id\":\"https:\/\/xertamar.com\/fr\/reserves\/\",\"url\":\"https:\/\/xertamar.com\/fr\/reserves\/\",\"name\":\"R\u00e9serves - Xerta Mar\",\"isPartOf\":{\"@id\":\"https:\/\/xertamar.com\/#website\"},\"datePublished\":\"2018-08-01T08:55:47+00:00\",\"dateModified\":\"2021-07-02T12:31:48+00:00\",\"description\":\"R\u00e9servez Xerta Mar Cuina marinera avec des produits du Delta de l'Ebre \u00e0 l'Ampolla, Tarragona.\",\"breadcrumb\":{\"@id\":\"https:\/\/xertamar.com\/fr\/reserves\/#breadcrumb\"},\"inLanguage\":\"fr-FR\",\"potentialAction\":[{\"@type\":\"ReadAction\",\"target\":[\"https:\/\/xertamar.com\/fr\/reserves\/\"]}]},{\"@type\":\"BreadcrumbList\",\"@id\":\"https:\/\/xertamar.com\/fr\/reserves\/#breadcrumb\",\"itemListElement\":[{\"@type\":\"ListItem\",\"position\":1,\"name\":\"Inici\",\"item\":\"https:\/\/xertamar.com\/fr\/\"},{\"@type\":\"ListItem\",\"position\":2,\"name\":\"R\u00e9serves\"}]},{\"@type\":\"WebSite\",\"@id\":\"https:\/\/xertamar.com\/#website\",\"url\":\"https:\/\/xertamar.com\/\",\"name\":\"Xerta Mar\",\"description\":\"Xerta Mar \u00e9s un espai gastron\u00f2mic on gaudir de tapes, arrossos i copes a la vora del mar.\",\"publisher\":{\"@id\":\"https:\/\/xertamar.com\/#organization\"},\"potentialAction\":[{\"@type\":\"SearchAction\",\"target\":{\"@type\":\"EntryPoint\",\"urlTemplate\":\"https:\/\/xertamar.com\/?s={search_term_string}\"},\"query-input\":\"required name=search_term_string\"}],\"inLanguage\":\"fr-FR\"},{\"@type\":\"Organization\",\"@id\":\"https:\/\/xertamar.com\/#organization\",\"name\":\"Xerta Mar\",\"url\":\"https:\/\/xertamar.com\/\",\"logo\":{\"@type\":\"ImageObject\",\"inLanguage\":\"fr-FR\",\"@id\":\"https:\/\/xertamar.com\/#\/schema\/logo\/image\/\",\"url\":\"https:\/\/xertamar.com\/wp-content\/uploads\/2021\/06\/xerta_mar_logo-2.svg\",\"contentUrl\":\"https:\/\/xertamar.com\/wp-content\/uploads\/2021\/06\/xerta_mar_logo-2.svg\",\"width\":2572,\"height\":1373,\"caption\":\"Xerta Mar\"},\"image\":{\"@id\":\"https:\/\/xertamar.com\/#\/schema\/logo\/image\/\"}}]}<\/script>\n<!-- \/ Yoast SEO plugin. -->","yoast_head_json":{"title":"R\u00e9serves - Xerta Mar","description":"R\u00e9servez Xerta Mar Cuina marinera avec des produits du Delta de l'Ebre \u00e0 l'Ampolla, Tarragona.","robots":{"index":"index","follow":"follow","max-snippet":"max-snippet:-1","max-image-preview":"max-image-preview:large","max-video-preview":"max-video-preview:-1"},"canonical":"https:\/\/xertamar.com\/fr\/reserves\/","og_locale":"fr_FR","og_type":"article","og_title":"R\u00e9serves - Xerta Mar","og_description":"R\u00e9servez Xerta Mar Cuina marinera avec des produits du Delta de l'Ebre \u00e0 l'Ampolla, Tarragona.","og_url":"https:\/\/xertamar.com\/fr\/reserves\/","og_site_name":"Xerta Mar","article_modified_time":"2021-07-02T12:31:48+00:00","twitter_card":"summary_large_image","twitter_misc":{"Dur\u00e9e de lecture estim\u00e9e":"3 minutes"},"schema":{"@context":"https:\/\/schema.org","@graph":[{"@type":"WebPage","@id":"https:\/\/xertamar.com\/fr\/reserves\/","url":"https:\/\/xertamar.com\/fr\/reserves\/","name":"R\u00e9serves - Xerta Mar","isPartOf":{"@id":"https:\/\/xertamar.com\/#website"},"datePublished":"2018-08-01T08:55:47+00:00","dateModified":"2021-07-02T12:31:48+00:00","description":"R\u00e9servez Xerta Mar Cuina marinera avec des produits du Delta de l'Ebre \u00e0 l'Ampolla, Tarragona.","breadcrumb":{"@id":"https:\/\/xertamar.com\/fr\/reserves\/#breadcrumb"},"inLanguage":"fr-FR","potentialAction":[{"@type":"ReadAction","target":["https:\/\/xertamar.com\/fr\/reserves\/"]}]},{"@type":"BreadcrumbList","@id":"https:\/\/xertamar.com\/fr\/reserves\/#breadcrumb","itemListElement":[{"@type":"ListItem","position":1,"name":"Inici","item":"https:\/\/xertamar.com\/fr\/"},{"@type":"ListItem","position":2,"name":"R\u00e9serves"}]},{"@type":"WebSite","@id":"https:\/\/xertamar.com\/#website","url":"https:\/\/xertamar.com\/","name":"Xerta Mar","description":"Xerta Mar \u00e9s un espai gastron\u00f2mic on gaudir de tapes, arrossos i copes a la vora del mar.","publisher":{"@id":"https:\/\/xertamar.com\/#organization"},"potentialAction":[{"@type":"SearchAction","target":{"@type":"EntryPoint","urlTemplate":"https:\/\/xertamar.com\/?s={search_term_string}"},"query-input":"required name=search_term_string"}],"inLanguage":"fr-FR"},{"@type":"Organization","@id":"https:\/\/xertamar.com\/#organization","name":"Xerta Mar","url":"https:\/\/xertamar.com\/","logo":{"@type":"ImageObject","inLanguage":"fr-FR","@id":"https:\/\/xertamar.com\/#\/schema\/logo\/image\/","url":"https:\/\/xertamar.com\/wp-content\/uploads\/2021\/06\/xerta_mar_logo-2.svg","contentUrl":"https:\/\/xertamar.com\/wp-content\/uploads\/2021\/06\/xerta_mar_logo-2.svg","width":2572,"height":1373,"caption":"Xerta Mar"},"image":{"@id":"https:\/\/xertamar.com\/#\/schema\/logo\/image\/"}}]}},"_links":{"self":[{"href":"https:\/\/xertamar.com\/fr\/wp-json\/wp\/v2\/pages\/6157","targetHints":{"allow":["GET"]}}],"collection":[{"href":"https:\/\/xertamar.com\/fr\/wp-json\/wp\/v2\/pages"}],"about":[{"href":"https:\/\/xertamar.com\/fr\/wp-json\/wp\/v2\/types\/page"}],"author":[{"embeddable":true,"href":"https:\/\/xertamar.com\/fr\/wp-json\/wp\/v2\/users\/1"}],"replies":[{"embeddable":true,"href":"https:\/\/xertamar.com\/fr\/wp-json\/wp\/v2\/comments?post=6157"}],"version-history":[{"count":7,"href":"https:\/\/xertamar.com\/fr\/wp-json\/wp\/v2\/pages\/6157\/revisions"}],"predecessor-version":[{"id":6594,"href":"https:\/\/xertamar.com\/fr\/wp-json\/wp\/v2\/pages\/6157\/revisions\/6594"}],"wp:attachment":[{"href":"https:\/\/xertamar.com\/fr\/wp-json\/wp\/v2\/media?parent=6157"}],"curies":[{"name":"wp","href":"https:\/\/api.w.org\/{rel}","templated":true}]}}